{"id":4636,"date":"2025-02-20T20:34:19","date_gmt":"2025-02-20T20:34:19","guid":{"rendered":"https:\/\/sestica.si\/?page_id=4636"},"modified":"2026-05-11T07:26:20","modified_gmt":"2026-05-11T05:26:20","slug":"dnevna-kosila","status":"publish","type":"page","link":"https:\/\/sestica.si\/en\/dnevna-kosila\/","title":{"rendered":"<br>"},"content":{"rendered":"<h2 class=\"wp-block-heading has-inter-font-family\"><br><\/h2>\n\n\n\n<h2 class=\"wp-block-heading has-inter-font-family has-large-font-size\">Ponedeljek, 11. 5. 2026 &#8211; Petek, 15. 5. 2026<\/h2>\n\n\n\n<h3 class=\"wp-block-heading has-inter-font-family\">Lunch is served Monday to Friday from 11am till 2pm!<\/h3>\n\n\n\n<hr class=\"wp-block-separator has-text-color has-black-color has-alpha-channel-opacity has-black-background-color has-background is-style-wide\"\/>\n\n\n\n<div class=\"wp-block-group\"><div class=\"wp-block-group__inner-container is-layout-constrained wp-block-group-is-layout-constrained\">\n<div class=\"wp-block-columns is-layout-flex wp-container-core-columns-is-layout-9d6595d7 wp-block-columns-is-layout-flex\">\n<div class=\"wp-block-column is-vertically-aligned-top is-layout-flow wp-block-column-is-layout-flow\" style=\"flex-basis:66.66%\">\n<p><\/p>\n\n\n\n<p><strong>DNEVNO KOSILO, ponedeljek, 11. 5. 2026<\/strong><br>dnevna juha, kosilo, solata in sladica<\/p>\n\n\n\n<p><strong>KOSILO 1<br><\/strong><a>Goveji zrezek v lovski omaki s kruhovimi cmoki<\/a><\/p>\n\n\n\n<p><strong>KOSILO 2<br><\/strong><a>\u0160pageti z morskimi sade\u017ei<\/a><\/p>\n\n\n\n<hr class=\"wp-block-separator has-alpha-channel-opacity\"\/>\n\n\n\n<p><\/p>\n\n\n\n<p><strong>DNEVNO KOSILO, torek 12. 5. 2026<\/strong><br>dnevna juha, kosilo, solata in sladica<\/p>\n\n\n\n<p><strong>KOSILO 1<br><\/strong><a>Mesne kroglice v zelenjavni omaki s pire krompirjem<\/a><\/p>\n\n\n\n<p><strong>KOSILO 2<br><\/strong><a>Peresniki s curryjem, pi\u0161\u010dancem, paradi\u017enikom in bu\u010dkami<\/a><\/p>\n\n\n\n<hr class=\"wp-block-separator has-alpha-channel-opacity\"\/>\n\n\n\n<p><strong>DNEVNO KOSILO, sreda 13. 5. 2026<\/strong><br>dnevna juha, kosilo, solata in sladica<\/p>\n\n\n\n<p><strong>KOSILO 1<br><\/strong><a><a>Pi\u0161\u010dan\u010dje bedro iz pe\u010dice na du\u0161eni zelenjavi<\/a><\/a><\/p>\n\n\n\n<p><strong>KOSILO 2<br><\/strong><a>Njoki s su\u0161enimi paradi\u017eniki, mlado \u0161pina\u010do in pinjolami<\/a><\/p>\n\n\n\n<hr class=\"wp-block-separator has-alpha-channel-opacity\"\/>\n\n\n\n<p><strong>DNEVNO KOSILO, \u010detrtek 14. 5. 2026<\/strong><br>dnevna juha, kosilo, solata in sladica<\/p>\n\n\n\n<p><strong>KOSILO 1<br><\/strong><a>Svinjski medaljoni v gor\u010di\u010dni omaki s pe\u010denim krompirjem in du\u0161enim brsti\u010dnim ohrovtom<\/a><\/p>\n\n\n\n<p><strong>KOSILO 2<br><\/strong>Mehi\u0161ka tortilja na mladi solati s paradi\u017enikovo salso in \u010dips krompir\u010dkom<\/p>\n\n\n\n<hr class=\"wp-block-separator has-alpha-channel-opacity\"\/>\n\n\n\n<p><strong>DNEVNO KOSILO, petek 15. 5. 2026<\/strong><br>dnevna juha, kosilo, solata in sladica<\/p>\n\n\n\n<p><strong>KOSILO 1<br><\/strong><a>File lososa na \u017earu z bu\u010dnim pirejem in pope\u010denimi \u0161parglji<\/a><\/p>\n\n\n\n<p><strong>KOSILO 2<br><\/strong>Ocvrt svinjski zrezek s pra\u017eenim krompirjem in bu\u010dno majonezo<\/p>\n<\/div>\n\n\n\n<div class=\"wp-block-column is-vertically-aligned-top is-layout-flow wp-block-column-is-layout-flow\" style=\"flex-basis:33.33%\">\n<figure class=\"wp-block-gallery has-nested-images columns-1 is-cropped wp-block-gallery-1 is-layout-flex wp-block-gallery-is-layout-flex\">\n<figure class=\"wp-block-image size-large\"><img fetchpriority=\"high\" decoding=\"async\" width=\"1024\" height=\"768\" data-id=\"4123\" src=\"https:\/\/sestica.si\/wp-content\/uploads\/2025\/02\/kosilo3-1024x768.jpg\" alt=\"\" class=\"wp-image-4123\"\/><\/figure>\n\n\n\n<figure class=\"wp-block-image size-large\"><img decoding=\"async\" width=\"1024\" height=\"768\" data-id=\"4140\" src=\"https:\/\/sestica.si\/wp-content\/uploads\/2025\/02\/piscancja-sol-1024x768.jpg\" alt=\"\" class=\"wp-image-4140\"\/><\/figure>\n\n\n\n<figure class=\"wp-block-image size-large\"><img decoding=\"async\" width=\"1024\" height=\"768\" data-id=\"4107\" src=\"https:\/\/sestica.si\/wp-content\/uploads\/2025\/02\/dunajska-1024x768.jpg\" alt=\"\" class=\"wp-image-4107\"\/><\/figure>\n\n\n\n<figure class=\"wp-block-image size-large\"><img decoding=\"async\" data-id=\"4146\" src=\"https:\/\/sestica.si\/wp-content\/uploads\/2025\/02\/potica2-1024x768.jpg\" alt=\"\" class=\"wp-image-4146\"\/><\/figure>\n<\/figure>\n\n\n\n<figure class=\"wp-block-image size-large\"><img loading=\"lazy\" decoding=\"async\" width=\"1024\" height=\"768\" src=\"https:\/\/sestica.si\/wp-content\/uploads\/2025\/02\/medvedov_golaz_njoki-1024x768.jpg\" alt=\"\" class=\"wp-image-5300\"\/><\/figure>\n\n\n\n<figure class=\"wp-block-image size-large\"><img loading=\"lazy\" decoding=\"async\" width=\"1024\" height=\"768\" src=\"https:\/\/sestica.si\/wp-content\/uploads\/2025\/03\/goveji-ramsteak-1024x768.jpg\" alt=\"\" class=\"wp-image-5696\"\/><\/figure>\n<\/div>\n<\/div>\n<\/div><\/div>\n\n\n\n<hr class=\"wp-block-separator has-text-color has-black-color has-alpha-channel-opacity has-black-background-color has-background is-style-wide\"\/>\n\n\n\n<p><em>All dishes may contain traces of individual allergens.<\/em><\/p>\n\n\n\n<p>For booking please call 01 242-0852 or 242-0855.<\/p>\n\n\n\n<h3 class=\"wp-block-heading\">Changes of daily lunches are possible without further notice.<\/h3>\n\n\n\n<p>We ask for your understanding.<\/p>\n\n\n\n<p><\/p>","protected":false},"excerpt":{"rendered":"<p>Dnevna kosila Ponedeljek, 11. 5. 2026 &#8211; Petek, 15. 5. 2026 Kosila stre\u017eemo od 11:00h &#8211; 14:00h! DNEVNO KOSILO, ponedeljek, 11. 5. 2026dnevna juha, kosilo, solata in sladica KOSILO 1Goveji zrezek v lovski omaki s kruhovimi cmoki KOSILO 2\u0160pageti z [&hellip;]<\/p>\n","protected":false},"author":1,"featured_media":4123,"parent":0,"menu_order":0,"comment_status":"closed","ping_status":"closed","template":"","meta":{"footnotes":""},"class_list":["post-4636","page","type-page","status-publish","has-post-thumbnail","hentry"],"_links":{"self":[{"href":"https:\/\/sestica.si\/en\/wp-json\/wp\/v2\/pages\/4636","targetHints":{"allow":["GET"]}}],"collection":[{"href":"https:\/\/sestica.si\/en\/wp-json\/wp\/v2\/pages"}],"about":[{"href":"https:\/\/sestica.si\/en\/wp-json\/wp\/v2\/types\/page"}],"author":[{"embeddable":true,"href":"https:\/\/sestica.si\/en\/wp-json\/wp\/v2\/users\/1"}],"replies":[{"embeddable":true,"href":"https:\/\/sestica.si\/en\/wp-json\/wp\/v2\/comments?post=4636"}],"version-history":[{"count":163,"href":"https:\/\/sestica.si\/en\/wp-json\/wp\/v2\/pages\/4636\/revisions"}],"predecessor-version":[{"id":7237,"href":"https:\/\/sestica.si\/en\/wp-json\/wp\/v2\/pages\/4636\/revisions\/7237"}],"wp:featuredmedia":[{"embeddable":true,"href":"https:\/\/sestica.si\/en\/wp-json\/wp\/v2\/media\/4123"}],"wp:attachment":[{"href":"https:\/\/sestica.si\/en\/wp-json\/wp\/v2\/media?parent=4636"}],"curies":[{"name":"wp","href":"https:\/\/api.w.org\/{rel}","templated":true}]}}