{"id":5203,"date":"2025-02-22T10:50:16","date_gmt":"2025-02-22T10:50:16","guid":{"rendered":"https:\/\/sestica.si\/?page_id=5203"},"modified":"2026-03-29T00:17:20","modified_gmt":"2026-03-28T22:17:20","slug":"meni-za-skupine","status":"publish","type":"page","link":"https:\/\/sestica.si\/en\/meni-za-skupine\/","title":{"rendered":"Groups offer"},"content":{"rendered":"<div data-elementor-type=\"wp-page\" data-elementor-id=\"5203\" class=\"elementor elementor-5203\">\n\t\t\t\t<div class=\"elementor-element elementor-element-c76f062 e-flex e-con-boxed e-con e-parent\" data-id=\"c76f062\" data-element_type=\"container\" data-e-type=\"container\" data-settings=\"{&quot;background_background&quot;:&quot;classic&quot;,&quot;grandrestaurant_ext_is_background_parallax&quot;:&quot;false&quot;,&quot;grandrestaurant_ext_is_background_backdrop&quot;:&quot;false&quot;,&quot;grandrestaurant_ext_is_background_on_scroll&quot;:&quot;false&quot;,&quot;grandrestaurant_ext_link_reservation&quot;:&quot;false&quot;,&quot;grandrestaurant_ext_link_sidemenu&quot;:&quot;false&quot;,&quot;grandrestaurant_ext_link_fullmenu&quot;:&quot;false&quot;,&quot;grandrestaurant_ext_link_closed_fullmenu&quot;:&quot;false&quot;,&quot;grandrestaurant_ext_is_scrollme&quot;:&quot;false&quot;,&quot;grandrestaurant_ext_is_smoove&quot;:&quot;false&quot;,&quot;grandrestaurant_ext_is_parallax_mouse&quot;:&quot;false&quot;,&quot;grandrestaurant_ext_is_infinite&quot;:&quot;false&quot;,&quot;grandrestaurant_ext_is_fadeout_animation&quot;:&quot;false&quot;,&quot;grandrestaurant_ext_mobile_static&quot;:&quot;false&quot;}\">\n\t\t\t\t\t<div class=\"e-con-inner\">\n\t\t\t\t<div class=\"elementor-element elementor-element-375e877 elementor-widget elementor-widget-spacer\" data-id=\"375e877\" data-element_type=\"widget\" data-e-type=\"widget\" data-settings=\"{&quot;grandrestaurant_ext_link_reservation&quot;:&quot;false&quot;,&quot;grandrestaurant_ext_link_sidemenu&quot;:&quot;false&quot;,&quot;grandrestaurant_ext_link_fullmenu&quot;:&quot;false&quot;,&quot;grandrestaurant_ext_link_closed_fullmenu&quot;:&quot;false&quot;,&quot;grandrestaurant_ext_is_scrollme&quot;:&quot;false&quot;,&quot;grandrestaurant_ext_is_smoove&quot;:&quot;false&quot;,&quot;grandrestaurant_ext_is_parallax_mouse&quot;:&quot;false&quot;,&quot;grandrestaurant_ext_is_infinite&quot;:&quot;false&quot;,&quot;grandrestaurant_ext_is_fadeout_animation&quot;:&quot;false&quot;,&quot;grandrestaurant_ext_mobile_static&quot;:&quot;false&quot;}\" data-widget_type=\"spacer.default\">\n\t\t\t\t<div class=\"elementor-widget-container\">\n\t\t\t\t\t\t\t<div class=\"elementor-spacer\">\n\t\t\t<div class=\"elementor-spacer-inner\"><\/div>\n\t\t<\/div>\n\t\t\t\t\t\t<\/div>\n\t\t\t\t<\/div>\n\t\t\t\t<div class=\"elementor-element elementor-element-08cd670 elementor-widget elementor-widget-grandrestaurant-glitch-slideshow\" data-id=\"08cd670\" data-element_type=\"widget\" data-e-type=\"widget\" data-settings=\"{&quot;grandrestaurant_ext_link_reservation&quot;:&quot;false&quot;,&quot;grandrestaurant_ext_link_sidemenu&quot;:&quot;false&quot;,&quot;grandrestaurant_ext_link_fullmenu&quot;:&quot;false&quot;,&quot;grandrestaurant_ext_link_closed_fullmenu&quot;:&quot;false&quot;,&quot;grandrestaurant_ext_is_scrollme&quot;:&quot;false&quot;,&quot;grandrestaurant_ext_is_smoove&quot;:&quot;false&quot;,&quot;grandrestaurant_ext_is_parallax_mouse&quot;:&quot;false&quot;,&quot;grandrestaurant_ext_is_infinite&quot;:&quot;false&quot;,&quot;grandrestaurant_ext_is_fadeout_animation&quot;:&quot;false&quot;,&quot;grandrestaurant_ext_mobile_static&quot;:&quot;false&quot;}\" data-widget_type=\"grandrestaurant-glitch-slideshow.default\">\n\t\t\t\t<div class=\"elementor-widget-container\">\n\t\t\t\t\t<div class=\"slider-glitch-slideshow content\">\n\t<div class=\"slides slides--contained effect-2\">\n\t\t\t\t\t\t<div class=\"slide slide-current\">\n\t\t\t\t\t<div class=\"slide-img glitch\" style=\"background-image: url(https:\/\/sestica.si\/wp-content\/uploads\/2025\/02\/meni-pom.png);height:630px;\"><\/div>\n\t\t\t\t\t<div class=\"slide-text\">\n\t\t\t\t\t\t<h2 class=\"slide-title\">Groups offer<\/h2>\n\t\t\t\t\t\t<div class=\"slide-description\">\n\t\t\t\t\t\t\t\u0160estica offers special menus for groups of over 20 people. The group can choose up to two different menus, please let us know your choice at least two days before your visit.\nDo you have special dietary needs? No problem! We will also prepare vegetarian menus and menus for special diets, by arrangement during your visit to our restaurant.\t\t\t\t\t\t\t\t\t\t\t\t\t\t<br class=\"clear\"\/>\n\t\t\t\t\t\t\t<a class=\"button\" href=\"mailto:info@sestica.si\" >\n\t\t\t\t\t\t\t\tSend us an inquiry at info@sestica.si\t\t\t\t\t\t\t<\/a>\n\t\t\t\t\t\t\t\t\t\t\t\t\t<\/div>\n\t\t\t\t\t<\/div>\n\t\t        <\/div>\n\t\t\t<\/div>\n\t<nav class=\"slide-nav\">\n\t\t<button class=\"slide-nav-button\"><span class=\"ti-angle-up\"><\/span><\/button>\n\t\t<button class=\"slide-nav-button\"><span class=\"ti-angle-down\"><\/span><\/button>\n\t<\/nav>\n<\/div>\n\t\t\t\t<\/div>\n\t\t\t\t<\/div>\n\t\t\t\t<div class=\"elementor-element elementor-element-b153c29 elementor-widget elementor-widget-spacer\" data-id=\"b153c29\" data-element_type=\"widget\" data-e-type=\"widget\" data-settings=\"{&quot;grandrestaurant_ext_link_reservation&quot;:&quot;false&quot;,&quot;grandrestaurant_ext_link_sidemenu&quot;:&quot;false&quot;,&quot;grandrestaurant_ext_link_fullmenu&quot;:&quot;false&quot;,&quot;grandrestaurant_ext_link_closed_fullmenu&quot;:&quot;false&quot;,&quot;grandrestaurant_ext_is_scrollme&quot;:&quot;false&quot;,&quot;grandrestaurant_ext_is_smoove&quot;:&quot;false&quot;,&quot;grandrestaurant_ext_is_parallax_mouse&quot;:&quot;false&quot;,&quot;grandrestaurant_ext_is_infinite&quot;:&quot;false&quot;,&quot;grandrestaurant_ext_is_fadeout_animation&quot;:&quot;false&quot;,&quot;grandrestaurant_ext_mobile_static&quot;:&quot;false&quot;}\" data-widget_type=\"spacer.default\">\n\t\t\t\t<div class=\"elementor-widget-container\">\n\t\t\t\t\t\t\t<div class=\"elementor-spacer\">\n\t\t\t<div class=\"elementor-spacer-inner\"><\/div>\n\t\t<\/div>\n\t\t\t\t\t\t<\/div>\n\t\t\t\t<\/div>\n\t\t\t\t\t<\/div>\n\t\t\t\t<\/div>\n\t\t\t\t<\/div>","protected":false},"excerpt":{"rendered":"<p>Ponudba za skupine \u0160estica nudi posebne menije za skupine nad 20 oseb. Skupina si lahko izbere do dva razli\u010dna menija, izbor nam sporo\u010dite vsaj dva dni pred va\u0161im obiskom. Imate posebne prehranske potrebe? Ni problema! Pripravili bomo tudi vegetarijanske menije [&hellip;]<\/p>\n","protected":false},"author":1,"featured_media":0,"parent":0,"menu_order":0,"comment_status":"closed","ping_status":"closed","template":"elementor_header_footer","meta":{"footnotes":""},"class_list":["post-5203","page","type-page","status-publish","hentry"],"_links":{"self":[{"href":"https:\/\/sestica.si\/en\/wp-json\/wp\/v2\/pages\/5203","targetHints":{"allow":["GET"]}}],"collection":[{"href":"https:\/\/sestica.si\/en\/wp-json\/wp\/v2\/pages"}],"about":[{"href":"https:\/\/sestica.si\/en\/wp-json\/wp\/v2\/types\/page"}],"author":[{"embeddable":true,"href":"https:\/\/sestica.si\/en\/wp-json\/wp\/v2\/users\/1"}],"replies":[{"embeddable":true,"href":"https:\/\/sestica.si\/en\/wp-json\/wp\/v2\/comments?post=5203"}],"version-history":[{"count":38,"href":"https:\/\/sestica.si\/en\/wp-json\/wp\/v2\/pages\/5203\/revisions"}],"predecessor-version":[{"id":7198,"href":"https:\/\/sestica.si\/en\/wp-json\/wp\/v2\/pages\/5203\/revisions\/7198"}],"wp:attachment":[{"href":"https:\/\/sestica.si\/en\/wp-json\/wp\/v2\/media?parent=5203"}],"curies":[{"name":"wp","href":"https:\/\/api.w.org\/{rel}","templated":true}]}}